{"id":33,"date":"2019-02-16T00:14:58","date_gmt":"2019-02-16T00:14:58","guid":{"rendered":"https:\/\/vayvo.progressionstudios.com\/?page_id=33"},"modified":"2025-05-25T16:18:18","modified_gmt":"2025-05-25T16:18:18","slug":"nuestras-marcas","status":"publish","type":"page","link":"https:\/\/videos.foxbox.com.ar\/?page_id=33","title":{"rendered":"NUESTRAS MARCAS"},"content":{"rendered":"\t\t<div data-elementor-type=\"wp-post\" data-elementor-id=\"33\" class=\"elementor elementor-33\">\n\t\t\t\t\t\t\t\t\t<section class=\"elementor-section elementor-top-section elementor-element elementor-element-eaa8fdf elementor-section-full_width elementor-section-stretched elementor-section-height-default elementor-section-height-default\" data-id=\"eaa8fdf\" data-element_type=\"section\" data-settings=\"{&quot;stretch_section&quot;:&quot;section-stretched&quot;}\">\n\t\t\t\t\t\t<div class=\"elementor-container elementor-column-gap-no\">\n\t\t\t\t\t<div class=\"elementor-column elementor-col-100 elementor-top-column elementor-element elementor-element-8201ce0\" data-id=\"8201ce0\" data-element_type=\"column\">\n\t\t\t<div class=\"elementor-widget-wrap elementor-element-populated\">\n\t\t\t\t\t\t\t\t<div class=\"elementor-element elementor-element-a1fd18a elementor-widget elementor-widget-boosted-elements-slider\" data-id=\"a1fd18a\" data-element_type=\"widget\" data-widget_type=\"boosted-elements-slider.default\">\n\t\t\t\t<div class=\"elementor-widget-container\">\n\t\t\t\t\n\t<div class=\"boosted-elements-slider-loader-height\">\t\t<div class=\"boosted-elements-progression-slider-container boosted-no-delay-animate boosted_elements_slider_arrow_visiblity_hover boosted_elements_slider_dots_visiblity_visible\">\n\t\t\t<div id=\"boosted-elements-progression-flexslider-a1fd18a\" class=\"boosted-elements-slider-main\">\n\t\t\t\t<ul class=\"boosted-elements-slides\">\n\t\t\t\t\t\t\t\t\t\t\t<li class=\"elementor-repeater-item-535b0c7 bosted_animate_in\">\n\t\t\t\t\t\t\n\t\t\t\t\t\t\n\t\t\t\t\t\t\t\t\t\t\t\t\t\n\t\t\t\t\t\t\n\t\t\t\t\t\t\n\t\t\t\t\t\t\t<div class=\"boosted-elements-slider-background\">\n\t\t\t\t\t\t\t\n\t\t\t\t\t\t\t\t<div class=\"boosted-elements-slider-display-table\">\n\t\t\t\t\t\t\t\t\t<div class=\"boosted-elements-slider-content-container\">\n\t\t\t\t\t\t\t\t\t\n\t\t\t\t\t\t\t\t\t\t<div class=\"boosted-elements-slider-container-fixed-optional\">\n\t\t\t\t\t\t\t\t\t\t<div class=\"boosted-elements-slider-content\">\n\t\t\t\t\t\t\t\t\t\t\n\t\t\t\t\t\t\t\t\t\t\t<div class=\"bosted-element-content-margin\">\n\t\t\t\t\t\t\t\t\t\t\t\t\t\t\t\t\t\t\t\t\t\t\t\t\t<h2 class=\"boosted-elements-slide-title boosted-animation-delay-none\"><span>PRODUCTOS QUE MARCAN LA DIFERENCIA<\/span><\/h2>\n\t\t\t\t\t\t\t\t\t\t\t\t\t\t\t\t\t\t\t\t\t\t\t\t\t\t\t\t\t\t\t\t\t\t\t\t\t\t\t\t\t\t\t\t\t\t\t\t\t<div class=\"boosted-elements-slide-content boosted-animation-delay-none\"><span>Todos nuestros productos y toda la informaci\u00f3n para que tu gesti\u00f3n comercial sea \u00f3ptima<\/span><\/div>\n\t\t\t\t\t\t\t\t\t\t\t\t\t\t\t\t\t\t\t\t\t\n\t\t\t\t\t\t\t\t\t\t\t\t\t\t\t\t\t\t\t\t\t\t\t\t\n\t\t\t\t\t\t\t\t\t\t\t\t\n\t\t\t\t\t\t\t\t\t\t\t\t\t\t\t\t\t\t\t\t\t\t\t\t\t\n\t\t\t\t\t\t\t\t\t\t\t\t\t\t\t\t\t\t\t\t\t\t\t\t\t\t\n\t\t\t\t\t\t\t\t\t\t\t\n\t\t\t\t\t\t\t\t\t\t\t\n\t\t\t\t\t\t\t\t\t\t\t\n\t\t\t\t\t\t\t\t\t\t\t\t\t\t\t\t\t\t\t\t\t\n\t\t\t\t\t\t\t\t\t\n\t\t\t\t\t\t\t\t\t\t\t\t<div class=\"clearfix-boosted-element\"><\/div>\n\t\t\t\t\t\t\t\t\t\t\t<\/div><!-- close .bosted-element-content-margin -->\t\n\t\t\t\t\t\t\t\t\t\t\t\n\t\t\t\t\t\t\t\t\t\t<\/div><!-- close .boosted-elements-slider-content -->\n\t\t\t\t\t\t\t\t\t\n\t\t\t\t\t\t\t\t\t\t<\/div><!-- close .boosted-elements-slider-container-fixed-optional -->\n\t\t\t\t\t\t\t\t\t\n\t\t\t\t\t\t\t\t\t\t\t\n\t\t\t\t\t\t\t\t\t\n\t\t\t\t\t\t\t\t\t<\/div><!-- close .boosted-elements-slider-content-container -->\n\n\t\t\t\t\t\t\t\t\t\t\t\t\t\t\t\t\t\n\t\t\t\t\t\t\t\t\n\t\t\t\t\t\t\t\t\t\t\t\t\t\t\t\t\t\t<div class=\"boosted-elements-slider-gradient-overlay\"><\/div>\n\t\t\t\t\t\t\t\t<\/div>\n\t\t\t\t\t\t\t\n\t\t\t\t\t\t\t<\/div><!-- close  .boosted-elements-slider-background -->\n\t\t\t\t\t\n\t\t\t\t\t\t\n\t\t\t\t\t\t\t\t\t\t\t\t\t\t\t\n\t\t\t\t\t\t\t\t\t\t\t\t\t\t\n\t\t\t\t\t\t<\/li>\n\t\t\t\t\t\t\t\t\t<\/ul>\n\t\t\t\n\t\t\t\t\t\t\t\n\t\t\t<\/div><!-- #boosted-elements-progression-flexslider-a1fd18a -->\n\t\t<\/div><!-- close .boosted-elements-progression-slider-container -->\n\t<\/div><!-- close .boosted-elements-slider-loader-height -->\t<div class=\"clearfix-boosted-element\"><\/div>\n\t\n\t\n\t\t\t\t\t\t\t\t\t\t\t\t\t\n\t<script type=\"text\/javascript\"> \n\tjQuery(document).ready(function($) {\n\t\t'use strict';\n\t\t\n\t\t\t\t\n      $('#boosted-elements-progression-flexslider-a1fd18a').flexslider({\n\t\t\tnamespace: \"boosted-elements-slider-\",\n\t\t\tselector: \".boosted-elements-slides  > li\",\n\t\t\tprevText: \"\",\n\t\t\ttouch: true,\n\t\t\tnextText: \"\",\n\t\t\tslideshow:false,\n\t\t\tslideshowSpeed: 7000,\n\t\t\tanimation: \"fade\",\n\t\t\tanimationSpeed: 500,\n\t\t\tpauseOnHover: true,\n\t\t\t      });\n\t\t\n   \t$(\"#boosted-elements-progression-flexslider-a1fd18a a.boosted-elements-slider-lightbox[data-rel^='prettyPhoto']\").prettyPhoto({\n \t\t\ttheme: 'pp_default',\n   \t\t\thook: 'data-rel',\n \t\t\t\topacity: 0.7,\n   \t\t\tshow_title: false,\n   \t\t\tdeeplinking: false,\n   \t\t\toverlay_gallery: false,\n   \t\t\tcustom_markup: '',\n \t\t\t\tdefault_width: 900,\n \t\t\t\tdefault_height: 506,\n   \t\t\tsocial_tools: ''\n   \t});\n\t\t\n\t\t\n\t\t\t\t\n\t});\n\t<\/script>\n\t\n\t\t\t<\/div>\n\t\t\t\t<\/div>\n\t\t\t\t\t<\/div>\n\t\t<\/div>\n\t\t\t\t\t\t\t<\/div>\n\t\t<\/section>\n\t\t\t\t<section class=\"elementor-section elementor-top-section elementor-element elementor-element-1430c69 elementor-section-boxed elementor-section-height-default elementor-section-height-default\" data-id=\"1430c69\" data-element_type=\"section\">\n\t\t\t\t\t\t<div class=\"elementor-container elementor-column-gap-default\">\n\t\t\t\t\t<div class=\"elementor-column elementor-col-100 elementor-top-column elementor-element elementor-element-7682f40\" data-id=\"7682f40\" data-element_type=\"column\">\n\t\t\t<div class=\"elementor-widget-wrap elementor-element-populated\">\n\t\t\t\t\t\t\t\t<div class=\"elementor-element elementor-element-034d4ef elementor-widget elementor-widget-progression-video-post-list\" data-id=\"034d4ef\" data-element_type=\"widget\" data-widget_type=\"progression-video-post-list.default\">\n\t\t\t\t<div class=\"elementor-widget-container\">\n\t\t\t\t\n\n\t\n\t<div class=\"progression-studios-elementor-review-container\">\n\t\t\n\n\t\t\t\t\t<ul class=\"progression-filter-button-group progression-filter-group-034d4ef\">\n\t\t\t\t\t\t\t\t\n\t\t\t\t\n\t\t\t\t\t\t\t\t\n\t\t\t\t\t\t\t\t\t\t\t\t\t\t\t<li class=\"pro-checked\" data-filter=\"*\"><div class=\"skrn-sorting-container-padding\">Todas las Marcas<\/div><\/li> <li data-filter=\".alo\"><div class=\"skrn-sorting-container-padding\"><div class=\"skrn-video-sorting-icon\" style=\"background-image:url()\"><\/div><div class=\"clearfix-pro\"><\/div>AL\u00d3<\/div><\/li><li data-filter=\".ecoflow\"><div class=\"skrn-sorting-container-padding\"><div class=\"skrn-video-sorting-icon\" style=\"background-image:url()\"><\/div><div class=\"clearfix-pro\"><\/div>ECOFLOW<\/div><\/li><li data-filter=\".foxbox\"><div class=\"skrn-sorting-container-padding\"><div class=\"skrn-video-sorting-icon\" style=\"background-image:url()\"><\/div><div class=\"clearfix-pro\"><\/div>FOXBOX<\/div><\/li><li data-filter=\".haxly\"><div class=\"skrn-sorting-container-padding\"><div class=\"skrn-video-sorting-icon\" style=\"background-image:url()\"><\/div><div class=\"clearfix-pro\"><\/div>HAXLY<\/div><\/li><li data-filter=\".otros-productos\"><div class=\"skrn-sorting-container-padding\"><div class=\"skrn-video-sorting-icon\" style=\"background-image:url()\"><\/div><div class=\"clearfix-pro\"><\/div>OTROS PRODUCTOS<\/div><\/li>\t\t\t\t\t\t\t\t\t\t\t\t\t\n\t\t\t<\/ul>\n\t\t\t<div class=\"clearfix-pro\"><\/div>\n\t\t\t\t\n\t\t\n\t\t\n\t\t\n\t\t<div class=\"progression-masonry-margins\">\n\t\t\t<div id=\"progression-video-index-masonry-034d4ef\">\n\t\t\t\t\t\t\t\t\t\n\t\t\t\t<div class=\"progression-masonry-item \n\t\t\t\t\t\t\t\t\n\t\t\t\t\t\t\t\t\t\n\t\t\t\t foxbox\t\t\t\t\n\t\t\t\t\"><!-- .progression-masonry-item -->\n\t\t\t\t\t<div class=\"progression-masonry-padding-blog\">\n\t\t\t\t\t\t<div class=\"progression-studios-isotope-animation\">\n\t\t\t\t\t\t\t\n\t\t\t\t\t\t\t\n<div id=\"post-837\" class=\"post-837 video_skrn type-video_skrn status-publish has-post-thumbnail hentry video-type-nuerstras-marcas video-genres-nuestras-marcas video-category-foxbox video-director-fb-academy\">\t\n\t<div class=\"progression-studios-video-index-container\">\n\t\t\n\t\t\t\t\n\t\t\t\t\t\t\n\t\t\t\t\n\t\t\t\t\t\t<a href=\"https:\/\/videos.foxbox.com.ar\/?video_skrn=experiencias-de-formacion-foxbox\">\n\t\t\t\t\t\n\t\t\t\t\t\t\t\t\t\t\t\n\t\t\t\t\n\t\t\n\t\t\n\t\t\t\t\t\t\t<div class=\"progression-studios-video-feaured-image\"><img loading=\"lazy\" decoding=\"async\" width=\"500\" height=\"333\" src=\"https:\/\/videos.foxbox.com.ar\/wp-content\/uploads\/2025\/06\/LINEA-FOXBOX.png\" class=\"attachment-progression-studios-video-index size-progression-studios-video-index wp-post-image\" alt=\"LINEA FOXBOX\" srcset=\"https:\/\/videos.foxbox.com.ar\/wp-content\/uploads\/2025\/06\/LINEA-FOXBOX.png 500w, https:\/\/videos.foxbox.com.ar\/wp-content\/uploads\/2025\/06\/LINEA-FOXBOX-300x200.png 300w\" sizes=\"auto, (max-width: 500px) 100vw, 500px\" \/><\/div><!-- close .progression-studios-feaured-image -->\n\t\t\t<!-- close featured thumbnail -->\n\t\t\n\t\t\t<div class=\"progression-video-index-content\">\n\t\t\n\t\t\t\t<div class=\"progression-video-index-table\">\n\t\t\t\t\t<div class=\"progression-video-index-vertical-align\">\n\t\t\t\t\t\t\n\t\t                  \n\t\t                                        \n                    \n\t\t                <!--- close the theme_mod_option -->\n\t\t\t\t\t\t\n\t\t\t\t\t\t<h2 class=\"progression-video-title\">Experiencias de Formaci\u00f3n FOXBOX<\/h2>\n\t\t\t\t\t\t\n\t\t\t\t\t\t\t\t\t\t\t\t\n\t\t\t\t\t\t\t\t\t\t\t\t\n\t\t\t\t\t\t\t\t\t\t\t\t<ul class=\"video-index-meta-taxonomy\"><li>FOXBOX<\/li><\/ul>\t\t\t\t\t\t\t\t\t\t\t\t\n\t\t\t\t\t\t\n\t\t\t\t\t<div class=\"clearfix-pro\"><\/div>\n\t\t\t\t\t<\/div><!-- close .progression-video-index-vertical-align -->\n\t\t\t\t<\/div><!-- close .progression-video-index-table -->\n\t\t\t<\/div><!-- close .progression-video-index-content -->\n\t\t\t\n\t\t\t<div class=\"video-index-border-hover\"><\/div>\n\t\t<\/a>\n\t<\/div><!-- close .progression-studios-video-index-container -->\n<\/div><!-- #post-## -->\t\t\t\t\t\t\t\n\t\t\t\t\t\t<\/div><!-- close .progression-studios-isotope-animation -->\n\t\t\t\t\t<\/div><!-- close .progression-masonry-padding-blog -->\n\t\t\t\t<\/div><!-- close .progression-masonry-item -->\n\t\t\t\t\t\t\t\t\t\n\t\t\t\t<div class=\"progression-masonry-item \n\t\t\t\t\t\t\t\t\n\t\t\t\t\t\t\t\t\t\n\t\t\t\t ecoflow\t\t\t\t\n\t\t\t\t\"><!-- .progression-masonry-item -->\n\t\t\t\t\t<div class=\"progression-masonry-padding-blog\">\n\t\t\t\t\t\t<div class=\"progression-studios-isotope-animation\">\n\t\t\t\t\t\t\t\n\t\t\t\t\t\t\t\n<div id=\"post-829\" class=\"post-829 video_skrn type-video_skrn status-publish has-post-thumbnail hentry video-type-nuerstras-marcas video-genres-nuestras-marcas video-category-ecoflow video-director-fb-academy\">\t\n\t<div class=\"progression-studios-video-index-container\">\n\t\t\n\t\t\t\t\n\t\t\t\t\t\t\n\t\t\t\t\n\t\t\t\t\t\t<a href=\"https:\/\/videos.foxbox.com.ar\/?video_skrn=publicidades-ecoflow\">\n\t\t\t\t\t\n\t\t\t\t\t\t\t\t\t\t\t\n\t\t\t\t\n\t\t\n\t\t\n\t\t\t\t\t\t\t<div class=\"progression-studios-video-feaured-image\"><img loading=\"lazy\" decoding=\"async\" width=\"700\" height=\"480\" src=\"https:\/\/videos.foxbox.com.ar\/wp-content\/uploads\/2025\/05\/EcoFlow-700x480.jpg\" class=\"attachment-progression-studios-video-index size-progression-studios-video-index wp-post-image\" alt=\"\" \/><\/div><!-- close .progression-studios-feaured-image -->\n\t\t\t<!-- close featured thumbnail -->\n\t\t\n\t\t\t<div class=\"progression-video-index-content\">\n\t\t\n\t\t\t\t<div class=\"progression-video-index-table\">\n\t\t\t\t\t<div class=\"progression-video-index-vertical-align\">\n\t\t\t\t\t\t\n\t\t                  \n\t\t                                        \n                    \n\t\t                <!--- close the theme_mod_option -->\n\t\t\t\t\t\t\n\t\t\t\t\t\t<h2 class=\"progression-video-title\">Publicidades EcoFlow<\/h2>\n\t\t\t\t\t\t\n\t\t\t\t\t\t\t\t\t\t\t\t\n\t\t\t\t\t\t\t\t\t\t\t\t\n\t\t\t\t\t\t\t\t\t\t\t\t<ul class=\"video-index-meta-taxonomy\"><li>ECOFLOW<\/li><\/ul>\t\t\t\t\t\t\t\t\t\t\t\t\n\t\t\t\t\t\t\n\t\t\t\t\t<div class=\"clearfix-pro\"><\/div>\n\t\t\t\t\t<\/div><!-- close .progression-video-index-vertical-align -->\n\t\t\t\t<\/div><!-- close .progression-video-index-table -->\n\t\t\t<\/div><!-- close .progression-video-index-content -->\n\t\t\t\n\t\t\t<div class=\"video-index-border-hover\"><\/div>\n\t\t<\/a>\n\t<\/div><!-- close .progression-studios-video-index-container -->\n<\/div><!-- #post-## -->\t\t\t\t\t\t\t\n\t\t\t\t\t\t<\/div><!-- close .progression-studios-isotope-animation -->\n\t\t\t\t\t<\/div><!-- close .progression-masonry-padding-blog -->\n\t\t\t\t<\/div><!-- close .progression-masonry-item -->\n\t\t\t\t\t\t\t\t\t\n\t\t\t\t<div class=\"progression-masonry-item \n\t\t\t\t\t\t\t\t\n\t\t\t\t\t\t\t\t\t\n\t\t\t\t haxly\t\t\t\t\n\t\t\t\t\"><!-- .progression-masonry-item -->\n\t\t\t\t\t<div class=\"progression-masonry-padding-blog\">\n\t\t\t\t\t\t<div class=\"progression-studios-isotope-animation\">\n\t\t\t\t\t\t\t\n\t\t\t\t\t\t\t\n<div id=\"post-820\" class=\"post-820 video_skrn type-video_skrn status-publish has-post-thumbnail hentry video-type-nuerstras-marcas video-genres-nuestras-marcas video-category-haxly video-director-fb-academy\">\t\n\t<div class=\"progression-studios-video-index-container\">\n\t\t\n\t\t\t\t\n\t\t\t\t\t\t\n\t\t\t\t\n\t\t\t\t\t\t<a href=\"https:\/\/videos.foxbox.com.ar\/?video_skrn=somos-haxly\">\n\t\t\t\t\t\n\t\t\t\t\t\t\t\t\t\t\t\n\t\t\t\t\n\t\t\n\t\t\n\t\t\t\t\t\t\t<div class=\"progression-studios-video-feaured-image\"><img loading=\"lazy\" decoding=\"async\" width=\"700\" height=\"480\" src=\"https:\/\/videos.foxbox.com.ar\/wp-content\/uploads\/2025\/05\/haxly-1-700x480.png\" class=\"attachment-progression-studios-video-index size-progression-studios-video-index wp-post-image\" alt=\"\" \/><\/div><!-- close .progression-studios-feaured-image -->\n\t\t\t<!-- close featured thumbnail -->\n\t\t\n\t\t\t<div class=\"progression-video-index-content\">\n\t\t\n\t\t\t\t<div class=\"progression-video-index-table\">\n\t\t\t\t\t<div class=\"progression-video-index-vertical-align\">\n\t\t\t\t\t\t\n\t\t                  \n\t\t                                        \n                    \n\t\t                <!--- close the theme_mod_option -->\n\t\t\t\t\t\t\n\t\t\t\t\t\t<h2 class=\"progression-video-title\">Aprend\u00e9 c\u00f3mo usar HAXLY<\/h2>\n\t\t\t\t\t\t\n\t\t\t\t\t\t\t\t\t\t\t\t\n\t\t\t\t\t\t\t\t\t\t\t\t\n\t\t\t\t\t\t\t\t\t\t\t\t<ul class=\"video-index-meta-taxonomy\"><li>HAXLY<\/li><\/ul>\t\t\t\t\t\t\t\t\t\t\t\t\n\t\t\t\t\t\t\n\t\t\t\t\t<div class=\"clearfix-pro\"><\/div>\n\t\t\t\t\t<\/div><!-- close .progression-video-index-vertical-align -->\n\t\t\t\t<\/div><!-- close .progression-video-index-table -->\n\t\t\t<\/div><!-- close .progression-video-index-content -->\n\t\t\t\n\t\t\t<div class=\"video-index-border-hover\"><\/div>\n\t\t<\/a>\n\t<\/div><!-- close .progression-studios-video-index-container -->\n<\/div><!-- #post-## -->\t\t\t\t\t\t\t\n\t\t\t\t\t\t<\/div><!-- close .progression-studios-isotope-animation -->\n\t\t\t\t\t<\/div><!-- close .progression-masonry-padding-blog -->\n\t\t\t\t<\/div><!-- close .progression-masonry-item -->\n\t\t\t\t\t\t\t\t\t\n\t\t\t\t<div class=\"progression-masonry-item \n\t\t\t\t\t\t\t\t\n\t\t\t\t\t\t\t\t\t\n\t\t\t\t otros-productos\t\t\t\t\n\t\t\t\t\"><!-- .progression-masonry-item -->\n\t\t\t\t\t<div class=\"progression-masonry-padding-blog\">\n\t\t\t\t\t\t<div class=\"progression-studios-isotope-animation\">\n\t\t\t\t\t\t\t\n\t\t\t\t\t\t\t\n<div id=\"post-635\" class=\"post-635 video_skrn type-video_skrn status-publish has-post-thumbnail hentry video-type-nuerstras-marcas video-genres-nuestras-marcas video-category-otros-productos video-director-fb-academy\">\t\n\t<div class=\"progression-studios-video-index-container\">\n\t\t\n\t\t\t\t\n\t\t\t\t\t\t\n\t\t\t\t\n\t\t\t\t\t\t<a href=\"https:\/\/videos.foxbox.com.ar\/?video_skrn=configuracion-inicial-del-equipo-haxly\">\n\t\t\t\t\t\n\t\t\t\t\t\t\t\t\t\t\t\n\t\t\t\t\n\t\t\n\t\t\n\t\t\t\t\t\t\t<div class=\"progression-studios-video-feaured-image\"><img loading=\"lazy\" decoding=\"async\" width=\"320\" height=\"180\" src=\"https:\/\/videos.foxbox.com.ar\/wp-content\/uploads\/2024\/06\/mq2.webp\" class=\"attachment-progression-studios-video-index size-progression-studios-video-index wp-post-image\" alt=\"\" srcset=\"https:\/\/videos.foxbox.com.ar\/wp-content\/uploads\/2024\/06\/mq2.webp 320w, https:\/\/videos.foxbox.com.ar\/wp-content\/uploads\/2024\/06\/mq2-300x169.webp 300w\" sizes=\"auto, (max-width: 320px) 100vw, 320px\" \/><\/div><!-- close .progression-studios-feaured-image -->\n\t\t\t<!-- close featured thumbnail -->\n\t\t\n\t\t\t<div class=\"progression-video-index-content\">\n\t\t\n\t\t\t\t<div class=\"progression-video-index-table\">\n\t\t\t\t\t<div class=\"progression-video-index-vertical-align\">\n\t\t\t\t\t\t\n\t\t                  \n\t\t                                        \n                    \n\t\t                <!--- close the theme_mod_option -->\n\t\t\t\t\t\t\n\t\t\t\t\t\t<h2 class=\"progression-video-title\">Nuevos Productos<\/h2>\n\t\t\t\t\t\t\n\t\t\t\t\t\t\t\t\t\t\t\t\n\t\t\t\t\t\t\t\t\t\t\t\t\n\t\t\t\t\t\t\t\t\t\t\t\t<ul class=\"video-index-meta-taxonomy\"><li>OTROS PRODUCTOS<\/li><\/ul>\t\t\t\t\t\t\t\t\t\t\t\t\n\t\t\t\t\t\t\n\t\t\t\t\t<div class=\"clearfix-pro\"><\/div>\n\t\t\t\t\t<\/div><!-- close .progression-video-index-vertical-align -->\n\t\t\t\t<\/div><!-- close .progression-video-index-table -->\n\t\t\t<\/div><!-- close .progression-video-index-content -->\n\t\t\t\n\t\t\t<div class=\"video-index-border-hover\"><\/div>\n\t\t<\/a>\n\t<\/div><!-- close .progression-studios-video-index-container -->\n<\/div><!-- #post-## -->\t\t\t\t\t\t\t\n\t\t\t\t\t\t<\/div><!-- close .progression-studios-isotope-animation -->\n\t\t\t\t\t<\/div><!-- close .progression-masonry-padding-blog -->\n\t\t\t\t<\/div><!-- close .progression-masonry-item -->\n\t\t\t\t\t\t\t<\/div><!-- close #progression-video-index-masonry-034d4ef  -->\n\t\t<\/div><!-- close .progression-masonry-margins -->\n\t\t\n\t\t<div class=\"clearfix-pro\"><\/div>\n\t\t\n\t\t\t\t<div class=\"vayvo-progression-pagination-elementor\">\n\t\t\t\t\t\t\t\t\t\t\n\t\t\t\t\t\t\t\t\n\t\t\t\t\t\t\t\t\t\t\t<\/div>\n\t\t\n\t<\/div><!-- close .progression-studios-elementor-review-container -->\n\t\n\t<div class=\"clearfix-pro\"><\/div>\n\t\n\t<script type=\"text\/javascript\">\n\tjQuery(document).ready(function($) {\n\t\t'use strict';\n\t\t\n\t\t\/* Default Isotope Load Code *\/\n\t\tvar $container034d4ef = $(\"#progression-video-index-masonry-034d4ef\").isotope();\n\t\t$container034d4ef.imagesLoaded( function() {\n\t\t\t$(\".progression-masonry-item\").addClass(\"opacity-progression\");\n\t\t\t$container034d4ef.isotope({\n\t\t\t\titemSelector: \"#progression-video-index-masonry-034d4ef .progression-masonry-item\",\t\t\t\t\n\t\t\t\tpercentPosition: true,\n\t\t\t\tlayoutMode: \"masonry\" \n\t \t\t});\n\t\t});\n\t\t\/* END Default Isotope Code *\/\n\t\t\n\t\t\n\t\t\t\t$('.progression-filter-group-034d4ef').on( 'click', 'li', function() {\n\t\t  var filterValue = $(this).attr('data-filter');\n\t\t  $container034d4ef.isotope({ filter: filterValue });\n\t\t});\n\t\t\n    \t  $('.progression-filter-group-034d4ef').each( function( i, buttonGroup ) {\n    \t\tvar $buttonGroup = $( buttonGroup );\n    \t\t$buttonGroup.on( 'click', 'li', function() {\n    \t\t  $buttonGroup.find('.pro-checked').removeClass('pro-checked');\n    \t\t  $( this ).addClass('pro-checked');\n    \t\t});\n    \t  });\n\t\t\t\t  \n\t\t  \n\t\t  \n    \t\t\t\t\n\t\t\n    \t\t\t\t\n\t});\n\t<\/script>\n\t\n\n\t\t\n\n\t\t\t<\/div>\n\t\t\t\t<\/div>\n\t\t\t\t\t<\/div>\n\t\t<\/div>\n\t\t\t\t\t\t\t<\/div>\n\t\t<\/section>\n\t\t\t\t\t\t\t<\/div>\n\t\t","protected":false},"excerpt":{"rendered":"<p>PRODUCTOS QUE MARCAN LA DIFERENCIA Todos nuestros productos y toda la informaci\u00f3n para que tu gesti\u00f3n comercial sea \u00f3ptima Todas las Marcas AL\u00d3 ECOFLOW FOXBOX HAXLY OTROS PRODUCTOS 1.2 Perfil Profesional &#8211; ECOFLOW ECOFLOW Configuraci\u00f3n inicial del equipo Haxly HAXLY 1.1 Iniciemos tu camino HAXLY<\/p>\n","protected":false},"author":2,"featured_media":0,"parent":0,"menu_order":0,"comment_status":"closed","ping_status":"closed","template":"","meta":{"_mi_skip_tracking":false,"footnotes":""},"class_list":["post-33","page","type-page","status-publish","hentry"],"_links":{"self":[{"href":"https:\/\/videos.foxbox.com.ar\/index.php?rest_route=\/wp\/v2\/pages\/33","targetHints":{"allow":["GET"]}}],"collection":[{"href":"https:\/\/videos.foxbox.com.ar\/index.php?rest_route=\/wp\/v2\/pages"}],"about":[{"href":"https:\/\/videos.foxbox.com.ar\/index.php?rest_route=\/wp\/v2\/types\/page"}],"author":[{"embeddable":true,"href":"https:\/\/videos.foxbox.com.ar\/index.php?rest_route=\/wp\/v2\/users\/2"}],"replies":[{"embeddable":true,"href":"https:\/\/videos.foxbox.com.ar\/index.php?rest_route=%2Fwp%2Fv2%2Fcomments&post=33"}],"version-history":[{"count":65,"href":"https:\/\/videos.foxbox.com.ar\/index.php?rest_route=\/wp\/v2\/pages\/33\/revisions"}],"predecessor-version":[{"id":808,"href":"https:\/\/videos.foxbox.com.ar\/index.php?rest_route=\/wp\/v2\/pages\/33\/revisions\/808"}],"wp:attachment":[{"href":"https:\/\/videos.foxbox.com.ar\/index.php?rest_route=%2Fwp%2Fv2%2Fmedia&parent=33"}],"curies":[{"name":"wp","href":"https:\/\/api.w.org\/{rel}","templated":true}]}}